{"id":1808,"date":"2021-06-23T17:13:03","date_gmt":"2021-06-23T15:13:03","guid":{"rendered":"https:\/\/www.eine.be\/WP\/?page_id=1808"},"modified":"2025-07-09T09:20:32","modified_gmt":"2025-07-09T07:20:32","slug":"jaargang-2022-2-3","status":"publish","type":"page","link":"https:\/\/www.eine.be\/WP\/jaargang-2022-2-3\/","title":{"rendered":"Jaargang 2024"},"content":{"rendered":"\t\t<div data-elementor-type=\"wp-page\" data-elementor-id=\"1808\" class=\"elementor elementor-1808\" data-elementor-post-type=\"page\">\n\t\t\t\t\t\t<section class=\"elementor-section elementor-top-section elementor-element elementor-element-8ce0969 elementor-section-boxed elementor-section-height-default elementor-section-height-default\" data-id=\"8ce0969\" data-element_type=\"section\" data-e-type=\"section\">\n\t\t\t\t\t\t<div class=\"elementor-container elementor-column-gap-default\">\n\t\t\t\t\t<div class=\"elementor-column elementor-col-100 elementor-top-column elementor-element elementor-element-7d64879\" data-id=\"7d64879\" data-element_type=\"column\" data-e-type=\"column\">\n\t\t\t<div class=\"elementor-widget-wrap elementor-element-populated\">\n\t\t\t\t\t\t<div class=\"elementor-element elementor-element-f05ea2e elementor-widget-divider--view-line elementor-widget elementor-widget-divider\" data-id=\"f05ea2e\" data-element_type=\"widget\" data-e-type=\"widget\" data-widget_type=\"divider.default\">\n\t\t\t\t<div class=\"elementor-widget-container\">\n\t\t\t\t\t\t\t<div class=\"elementor-divider\">\n\t\t\t<span class=\"elementor-divider-separator\">\n\t\t\t\t\t\t<\/span>\n\t\t<\/div>\n\t\t\t\t\t\t<\/div>\n\t\t\t\t<\/div>\n\t\t\t\t\t<\/div>\n\t\t<\/div>\n\t\t\t\t\t<\/div>\n\t\t<\/section>\n\t\t\t\t<section class=\"elementor-section elementor-top-section elementor-element elementor-element-f68fedc elementor-section-boxed elementor-section-height-default elementor-section-height-default\" data-id=\"f68fedc\" data-element_type=\"section\" data-e-type=\"section\">\n\t\t\t\t\t\t<div class=\"elementor-container elementor-column-gap-default\">\n\t\t\t\t\t<div class=\"elementor-column elementor-col-33 elementor-top-column elementor-element elementor-element-4b8d648\" data-id=\"4b8d648\" data-element_type=\"column\" data-e-type=\"column\">\n\t\t\t<div class=\"elementor-widget-wrap elementor-element-populated\">\n\t\t\t\t\t\t<div class=\"elementor-element elementor-element-a124b71 elementor-widget elementor-widget-image\" data-id=\"a124b71\" data-element_type=\"widget\" data-e-type=\"widget\" data-widget_type=\"image.default\">\n\t\t\t\t<div class=\"elementor-widget-container\">\n\t\t\t\t\t\t\t\t\t\t\t\t<figure class=\"wp-caption\">\n\t\t\t\t\t\t\t\t\t\t<img fetchpriority=\"high\" decoding=\"async\" width=\"567\" height=\"800\" src=\"https:\/\/www.eine.be\/WP\/wp-content\/uploads\/2024\/12\/nr124.webp\" class=\"attachment-large size-large wp-image-2221\" alt=\"Westerring nr124 - 2024\" srcset=\"https:\/\/www.eine.be\/WP\/wp-content\/uploads\/2024\/12\/nr124.webp 567w, https:\/\/www.eine.be\/WP\/wp-content\/uploads\/2024\/12\/nr124-213x300.webp 213w\" sizes=\"(max-width: 567px) 100vw, 567px\" \/>\t\t\t\t\t\t\t\t\t\t\t<figcaption class=\"widget-image-caption wp-caption-text\">Westerring nr124 - 2024<\/figcaption>\n\t\t\t\t\t\t\t\t\t\t<\/figure>\n\t\t\t\t\t\t\t\t\t<\/div>\n\t\t\t\t<\/div>\n\t\t\t\t\t<\/div>\n\t\t<\/div>\n\t\t\t\t<div class=\"elementor-column elementor-col-66 elementor-top-column elementor-element elementor-element-965d985\" data-id=\"965d985\" data-element_type=\"column\" data-e-type=\"column\">\n\t\t\t<div class=\"elementor-widget-wrap elementor-element-populated\">\n\t\t\t\t\t\t<div class=\"elementor-element elementor-element-7c30df4 elementor-widget elementor-widget-text-editor\" data-id=\"7c30df4\" data-element_type=\"widget\" data-e-type=\"widget\" data-widget_type=\"text-editor.default\">\n\t\t\t\t<div class=\"elementor-widget-container\">\n\t\t\t\t\t\t\t\t\t<p><strong>Driemaandelijks tijdschrift &#8211; jaargang 31 &#8211; Nr 124 2024<\/strong><\/p><p><strong>Op de omslag:<\/strong><br \/>Het bestuur van de Heemkring Westerring<\/p><p>3. Woordje van de redactie<br \/>3. Medewerkers gezocht<br \/>4. De Einse Ferm-afdeling bestaat 100 jaar<br \/>8. Een caf\u00e9ruzie in Heurne<br \/>10. Viergeslachten familie Verstichel<br \/>12. \u2018t Es te zeggn<br \/>14. WK Eine hofleverancier<br \/>van F.C. Nederzwalm<br \/>18. 1874 \u2013 Het gebeurde 150 jaar geleden<br \/>21. De kapittelhuisjes in Eine. Een bijna<br \/>vergeten verjaardag &#8211; 50 jaar geleden<br \/>22. Ledenlijst Heemkring Westerring 2024<br \/>26. Ledennieuws.<\/p>\t\t\t\t\t\t\t\t<\/div>\n\t\t\t\t<\/div>\n\t\t\t\t\t<\/div>\n\t\t<\/div>\n\t\t\t\t\t<\/div>\n\t\t<\/section>\n\t\t\t\t<section class=\"elementor-section elementor-top-section elementor-element elementor-element-d010ade elementor-section-boxed elementor-section-height-default elementor-section-height-default\" data-id=\"d010ade\" data-element_type=\"section\" data-e-type=\"section\">\n\t\t\t\t\t\t<div class=\"elementor-container elementor-column-gap-default\">\n\t\t\t\t\t<div class=\"elementor-column elementor-col-33 elementor-top-column elementor-element elementor-element-7e38959\" data-id=\"7e38959\" data-element_type=\"column\" data-e-type=\"column\">\n\t\t\t<div class=\"elementor-widget-wrap elementor-element-populated\">\n\t\t\t\t\t\t<div class=\"elementor-element elementor-element-b5f73e3 elementor-widget elementor-widget-image\" data-id=\"b5f73e3\" data-element_type=\"widget\" data-e-type=\"widget\" data-widget_type=\"image.default\">\n\t\t\t\t<div class=\"elementor-widget-container\">\n\t\t\t\t\t\t\t\t\t\t\t\t<figure class=\"wp-caption\">\n\t\t\t\t\t\t\t\t\t\t<img decoding=\"async\" src=\"http:\/\/www.eine.be\/WP\/wp-content\/uploads\/2024\/09\/nr123-1.webp\" title=\"\" alt=\"Westerring nr123 - 2024\" loading=\"lazy\" \/>\t\t\t\t\t\t\t\t\t\t\t<figcaption class=\"widget-image-caption wp-caption-text\"><\/figcaption>\n\t\t\t\t\t\t\t\t\t\t<\/figure>\n\t\t\t\t\t\t\t\t\t<\/div>\n\t\t\t\t<\/div>\n\t\t\t\t\t<\/div>\n\t\t<\/div>\n\t\t\t\t<div class=\"elementor-column elementor-col-66 elementor-top-column elementor-element elementor-element-2abfb1c\" data-id=\"2abfb1c\" data-element_type=\"column\" data-e-type=\"column\">\n\t\t\t<div class=\"elementor-widget-wrap elementor-element-populated\">\n\t\t\t\t\t\t<div class=\"elementor-element elementor-element-aefa4e6 elementor-widget elementor-widget-text-editor\" data-id=\"aefa4e6\" data-element_type=\"widget\" data-e-type=\"widget\" data-widget_type=\"text-editor.default\">\n\t\t\t\t<div class=\"elementor-widget-container\">\n\t\t\t\t\t\t\t\t\t<p>Driemaandelijks<strong> tijdschrift &#8211; jaargang 31 &#8211; Nr 123 2024<\/strong><\/p><p><strong>Op de omslag:<\/strong><br \/>De Vlamingen R\u00e9mi Verschatse en J\u00e9r\u00f4me De<br \/>Clercq bij de start in een Franse koers<\/p><p>3. Succesvolle Sint-Pietersfeesten<br \/>4. Charles Louis J\u00e9r\u00f4me De Clercq &#8211; \u00b0 Mullem 1899 \u2020 Baisieux 1962<br \/>12. \u2018t Es te zeggn<br \/>14 .Raoul Thomaes &#8211; een leven vol muziek<br \/>17. De Einse ruitermaatschappij<br \/>Sint-Eligius bestaat 200 jaar<br \/>24. Magdalena \/ Madeleine De Keyzer: nog een eeuwelinge in Eine<br \/>26. Ledennieuws<\/p>\t\t\t\t\t\t\t\t<\/div>\n\t\t\t\t<\/div>\n\t\t\t\t\t<\/div>\n\t\t<\/div>\n\t\t\t\t\t<\/div>\n\t\t<\/section>\n\t\t\t\t<section class=\"elementor-section elementor-top-section elementor-element elementor-element-f38b3a2 elementor-section-boxed elementor-section-height-default elementor-section-height-default\" data-id=\"f38b3a2\" data-element_type=\"section\" data-e-type=\"section\">\n\t\t\t\t\t\t<div class=\"elementor-container elementor-column-gap-default\">\n\t\t\t\t\t<div class=\"elementor-column elementor-col-33 elementor-top-column elementor-element elementor-element-d26995f\" data-id=\"d26995f\" data-element_type=\"column\" data-e-type=\"column\">\n\t\t\t<div class=\"elementor-widget-wrap elementor-element-populated\">\n\t\t\t\t\t\t<div class=\"elementor-element elementor-element-d1b7cbe elementor-widget elementor-widget-image\" data-id=\"d1b7cbe\" data-element_type=\"widget\" data-e-type=\"widget\" data-widget_type=\"image.default\">\n\t\t\t\t<div class=\"elementor-widget-container\">\n\t\t\t\t\t\t\t\t\t\t\t\t<figure class=\"wp-caption\">\n\t\t\t\t\t\t\t\t\t\t<img decoding=\"async\" width=\"551\" height=\"783\" src=\"https:\/\/www.eine.be\/WP\/wp-content\/uploads\/2024\/06\/nr122.webp\" class=\"attachment-large size-large wp-image-1851\" alt=\"Westerring nr122 - 2024\" srcset=\"https:\/\/www.eine.be\/WP\/wp-content\/uploads\/2024\/06\/nr122.webp 551w, https:\/\/www.eine.be\/WP\/wp-content\/uploads\/2024\/06\/nr122-211x300.webp 211w\" sizes=\"(max-width: 551px) 100vw, 551px\" \/>\t\t\t\t\t\t\t\t\t\t\t<figcaption class=\"widget-image-caption wp-caption-text\">Westerring nr122 - 2024<\/figcaption>\n\t\t\t\t\t\t\t\t\t\t<\/figure>\n\t\t\t\t\t\t\t\t\t<\/div>\n\t\t\t\t<\/div>\n\t\t\t\t\t<\/div>\n\t\t<\/div>\n\t\t\t\t<div class=\"elementor-column elementor-col-66 elementor-top-column elementor-element elementor-element-ed8c27d\" data-id=\"ed8c27d\" data-element_type=\"column\" data-e-type=\"column\">\n\t\t\t<div class=\"elementor-widget-wrap elementor-element-populated\">\n\t\t\t\t\t\t<div class=\"elementor-element elementor-element-6fb57ca elementor-widget elementor-widget-text-editor\" data-id=\"6fb57ca\" data-element_type=\"widget\" data-e-type=\"widget\" data-widget_type=\"text-editor.default\">\n\t\t\t\t<div class=\"elementor-widget-container\">\n\t\t\t\t\t\t\t\t\t<p>Driemaandelijks<strong> tijdschrift &#8211; jaargang 31 &#8211; Nr 122 2024<\/strong><\/p><p><strong>Op de omslag:<br \/>Het bidprentje <br \/>van VYVENS Joannes Franciscus<br \/><\/strong><br \/>\u00a03 .Affiche bbq <br \/>4. Vroegste rouwprentjes uit ons werkgebied <br \/>9. Over een rijke en een arme pastoor van Mullem Hyancinthus de la Rue en Jacobus Josephus Pharazijn 12. Omer Wattez schreef ook over Eine, Mullem en Heurne<br \/>18. 1974. Het gebeurde 50 jaar geleden in Eine, Heurne en Mullem<br \/>22.\u00a0 \u2018t Es te zeggn 24 In Memoriam Andr\u00e9 Van Herpe \u00b0 Eine 1933 \u2020 Gentbrugge 2024 Van Eine naar Merksplas, Gantoise en Rode Duivels <br \/>26. Ledennieuws<\/p>\t\t\t\t\t\t\t\t<\/div>\n\t\t\t\t<\/div>\n\t\t\t\t\t<\/div>\n\t\t<\/div>\n\t\t\t\t\t<\/div>\n\t\t<\/section>\n\t\t\t\t<section class=\"elementor-section elementor-top-section elementor-element elementor-element-d666a50 elementor-section-boxed elementor-section-height-default elementor-section-height-default\" data-id=\"d666a50\" data-element_type=\"section\" data-e-type=\"section\">\n\t\t\t\t\t\t<div class=\"elementor-container elementor-column-gap-default\">\n\t\t\t\t\t<div class=\"elementor-column elementor-col-33 elementor-top-column elementor-element elementor-element-d1fa3c5\" data-id=\"d1fa3c5\" data-element_type=\"column\" data-e-type=\"column\">\n\t\t\t<div class=\"elementor-widget-wrap elementor-element-populated\">\n\t\t\t\t\t\t<div class=\"elementor-element elementor-element-e88607d elementor-widget elementor-widget-image\" data-id=\"e88607d\" data-element_type=\"widget\" data-e-type=\"widget\" data-widget_type=\"image.default\">\n\t\t\t\t<div class=\"elementor-widget-container\">\n\t\t\t\t\t\t\t\t\t\t\t\t<figure class=\"wp-caption\">\n\t\t\t\t\t\t\t\t\t\t<img decoding=\"async\" width=\"590\" height=\"837\" src=\"https:\/\/www.eine.be\/WP\/wp-content\/uploads\/2024\/03\/nr121.webp\" class=\"attachment-large size-large wp-image-1810\" alt=\"Westerring nr121 - 2024\" srcset=\"https:\/\/www.eine.be\/WP\/wp-content\/uploads\/2024\/03\/nr121.webp 590w, https:\/\/www.eine.be\/WP\/wp-content\/uploads\/2024\/03\/nr121-211x300.webp 211w\" sizes=\"(max-width: 590px) 100vw, 590px\" \/>\t\t\t\t\t\t\t\t\t\t\t<figcaption class=\"widget-image-caption wp-caption-text\">Westerring nr121 - 2024<\/figcaption>\n\t\t\t\t\t\t\t\t\t\t<\/figure>\n\t\t\t\t\t\t\t\t\t<\/div>\n\t\t\t\t<\/div>\n\t\t\t\t\t<\/div>\n\t\t<\/div>\n\t\t\t\t<div class=\"elementor-column elementor-col-66 elementor-top-column elementor-element elementor-element-30329df\" data-id=\"30329df\" data-element_type=\"column\" data-e-type=\"column\">\n\t\t\t<div class=\"elementor-widget-wrap elementor-element-populated\">\n\t\t\t\t\t\t<div class=\"elementor-element elementor-element-bbecaf5 elementor-widget elementor-widget-text-editor\" data-id=\"bbecaf5\" data-element_type=\"widget\" data-e-type=\"widget\" data-widget_type=\"text-editor.default\">\n\t\t\t\t<div class=\"elementor-widget-container\">\n\t\t\t\t\t\t\t\t\t<p>Driemaandelijks<strong> tijdschrift &#8211; jaargang 31 &#8211; Nr 121 2024<\/strong><\/p><p><strong>Op de omslag:<br \/>De familie Adolf Fontaine &#8211; Sidonia Callens <br \/>in 1913<br \/><\/strong><br \/>3.\u00a0 Wie Fontaine zegt, zegt \u2026\u2026vis<br \/>7. Onwettige geboorten einde 19de eeuw\u00a0in de westerringgemeenten \u2013 deel 2<br \/>16. \u2018t Es te zeggn + rechtzetting<br \/>19. Dit gebeurde 100 jaar geleden<br \/>26. Ledennieuws<\/p>\t\t\t\t\t\t\t\t<\/div>\n\t\t\t\t<\/div>\n\t\t\t\t\t<\/div>\n\t\t<\/div>\n\t\t\t\t\t<\/div>\n\t\t<\/section>\n\t\t\t\t<section class=\"elementor-section elementor-top-section elementor-element elementor-element-bfb1c4e elementor-section-boxed elementor-section-height-default elementor-section-height-default\" data-id=\"bfb1c4e\" data-element_type=\"section\" data-e-type=\"section\">\n\t\t\t\t\t\t<div class=\"elementor-container elementor-column-gap-default\">\n\t\t\t\t\t<div class=\"elementor-column elementor-col-50 elementor-top-column elementor-element elementor-element-b6b8720\" data-id=\"b6b8720\" data-element_type=\"column\" data-e-type=\"column\">\n\t\t\t<div class=\"elementor-widget-wrap\">\n\t\t\t\t\t\t\t<\/div>\n\t\t<\/div>\n\t\t\t\t<div class=\"elementor-column elementor-col-50 elementor-top-column elementor-element elementor-element-1530a83\" data-id=\"1530a83\" data-element_type=\"column\" data-e-type=\"column\">\n\t\t\t<div class=\"elementor-widget-wrap\">\n\t\t\t\t\t\t\t<\/div>\n\t\t<\/div>\n\t\t\t\t\t<\/div>\n\t\t<\/section>\n\t\t\t\t<\/div>\n\t\t","protected":false},"excerpt":{"rendered":"<p>Westerring nr124 &#8211; 2024 Driemaandelijks tijdschrift &#8211; jaargang 31 &#8211; Nr 124 2024 Op de omslag:Het bestuur van de Heemkring Westerring 3. Woordje van de redactie3. Medewerkers gezocht4. De Einse Ferm-afdeling bestaat 100 jaar8. Een caf\u00e9ruzie in Heurne10. Viergeslachten familie Verstichel12. \u2018t Es te zeggn14. WK Eine hofleveranciervan F.C. Nederzwalm18. 1874 \u2013 Het gebeurde 150 jaar geleden21. De kapittelhuisjes in Eine. Een bijnavergeten verjaardag &#8211; 50 jaar geleden22. Ledenlijst Heemkring Westerring 202426. Ledennieuws. Westerring nr123 &#8211; 2024 Driemaandelijks tijdschrift &#8211; jaargang 31 &#8211; Nr 123 2024 Op de omslag:De Vlamingen R\u00e9mi Verschatse en J\u00e9r\u00f4me DeClercq bij de start in een Franse koers 3. Succesvolle Sint-Pietersfeesten4. Charles Louis J\u00e9r\u00f4me De Clercq &#8211; \u00b0 Mullem 1899 \u2020 Baisieux 196212. \u2018t Es te zeggn14 .Raoul Thomaes &#8211; een leven vol muziek17. De Einse ruitermaatschappijSint-Eligius bestaat 200 jaar24. Magdalena \/ Madeleine De Keyzer: nog een eeuwelinge in Eine26. Ledennieuws Westerring nr122 &#8211; 2024 Driemaandelijks tijdschrift &#8211; jaargang 31 &#8211; Nr 122 2024 Op de omslag:Het bidprentje van VYVENS Joannes Franciscus\u00a03 .Affiche bbq 4. Vroegste rouwprentjes uit ons werkgebied 9. Over een rijke en een arme pastoor van Mullem Hyancinthus de la Rue en Jacobus Josephus Pharazijn 12. Omer Wattez schreef ook over Eine, Mullem en Heurne18. 1974. Het gebeurde 50 jaar geleden in Eine, Heurne en Mullem22.\u00a0 \u2018t Es te zeggn 24 In Memoriam Andr\u00e9 Van Herpe \u00b0 Eine 1933 \u2020 Gentbrugge 2024 Van Eine naar Merksplas, Gantoise en Rode Duivels 26. Ledennieuws Westerring nr121 &#8211; 2024 Driemaandelijks tijdschrift &#8211; jaargang 31 &#8211; Nr 121 2024 Op de omslag:De familie Adolf Fontaine &#8211; Sidonia Callens in 19133.\u00a0 Wie Fontaine zegt, zegt \u2026\u2026vis7. Onwettige geboorten einde 19de eeuw\u00a0in de westerringgemeenten \u2013 deel 216. \u2018t Es te zeggn + rechtzetting19. Dit gebeurde 100 jaar geleden26. Ledennieuws<\/p>\n","protected":false},"author":3,"featured_media":0,"parent":0,"menu_order":0,"comment_status":"closed","ping_status":"closed","template":"","meta":{"footnotes":""},"class_list":["post-1808","page","type-page","status-publish","hentry"],"_links":{"self":[{"href":"https:\/\/www.eine.be\/WP\/wp-json\/wp\/v2\/pages\/1808","targetHints":{"allow":["GET"]}}],"collection":[{"href":"https:\/\/www.eine.be\/WP\/wp-json\/wp\/v2\/pages"}],"about":[{"href":"https:\/\/www.eine.be\/WP\/wp-json\/wp\/v2\/types\/page"}],"author":[{"embeddable":true,"href":"https:\/\/www.eine.be\/WP\/wp-json\/wp\/v2\/users\/3"}],"replies":[{"embeddable":true,"href":"https:\/\/www.eine.be\/WP\/wp-json\/wp\/v2\/comments?post=1808"}],"version-history":[{"count":35,"href":"https:\/\/www.eine.be\/WP\/wp-json\/wp\/v2\/pages\/1808\/revisions"}],"predecessor-version":[{"id":2302,"href":"https:\/\/www.eine.be\/WP\/wp-json\/wp\/v2\/pages\/1808\/revisions\/2302"}],"wp:attachment":[{"href":"https:\/\/www.eine.be\/WP\/wp-json\/wp\/v2\/media?parent=1808"}],"curies":[{"name":"wp","href":"https:\/\/api.w.org\/{rel}","templated":true}]}}