{"id":2303,"date":"2021-06-23T17:13:03","date_gmt":"2021-06-23T15:13:03","guid":{"rendered":"https:\/\/www.eine.be\/WP\/?page_id=2303"},"modified":"2025-07-09T09:52:20","modified_gmt":"2025-07-09T07:52:20","slug":"jaargang-2025","status":"publish","type":"page","link":"https:\/\/www.eine.be\/WP\/jaargang-2025\/","title":{"rendered":"Jaargang 2025"},"content":{"rendered":"\t\t<div data-elementor-type=\"wp-page\" data-elementor-id=\"2303\" class=\"elementor elementor-2303\" data-elementor-post-type=\"page\">\n\t\t\t\t\t\t<section class=\"elementor-section elementor-top-section elementor-element elementor-element-8ce0969 elementor-section-boxed elementor-section-height-default elementor-section-height-default\" data-id=\"8ce0969\" data-element_type=\"section\" data-e-type=\"section\">\n\t\t\t\t\t\t<div class=\"elementor-container elementor-column-gap-default\">\n\t\t\t\t\t<div class=\"elementor-column elementor-col-100 elementor-top-column elementor-element elementor-element-7d64879\" data-id=\"7d64879\" data-element_type=\"column\" data-e-type=\"column\">\n\t\t\t<div class=\"elementor-widget-wrap elementor-element-populated\">\n\t\t\t\t\t\t<div class=\"elementor-element elementor-element-f05ea2e elementor-widget-divider--view-line elementor-widget elementor-widget-divider\" data-id=\"f05ea2e\" data-element_type=\"widget\" data-e-type=\"widget\" data-widget_type=\"divider.default\">\n\t\t\t\t<div class=\"elementor-widget-container\">\n\t\t\t\t\t\t\t<div class=\"elementor-divider\">\n\t\t\t<span class=\"elementor-divider-separator\">\n\t\t\t\t\t\t<\/span>\n\t\t<\/div>\n\t\t\t\t\t\t<\/div>\n\t\t\t\t<\/div>\n\t\t\t\t\t<\/div>\n\t\t<\/div>\n\t\t\t\t\t<\/div>\n\t\t<\/section>\n\t\t\t\t<section class=\"elementor-section elementor-top-section elementor-element elementor-element-f68fedc elementor-section-boxed elementor-section-height-default elementor-section-height-default\" data-id=\"f68fedc\" data-element_type=\"section\" data-e-type=\"section\">\n\t\t\t\t\t\t<div class=\"elementor-container elementor-column-gap-default\">\n\t\t\t\t\t<div class=\"elementor-column elementor-col-33 elementor-top-column elementor-element elementor-element-4b8d648\" data-id=\"4b8d648\" data-element_type=\"column\" data-e-type=\"column\">\n\t\t\t<div class=\"elementor-widget-wrap elementor-element-populated\">\n\t\t\t\t\t\t<div class=\"elementor-element elementor-element-a124b71 elementor-widget elementor-widget-image\" data-id=\"a124b71\" data-element_type=\"widget\" data-e-type=\"widget\" data-widget_type=\"image.default\">\n\t\t\t\t<div class=\"elementor-widget-container\">\n\t\t\t\t\t\t\t\t\t\t\t\t<figure class=\"wp-caption\">\n\t\t\t\t\t\t\t\t\t\t<img fetchpriority=\"high\" decoding=\"async\" width=\"576\" height=\"807\" src=\"https:\/\/www.eine.be\/WP\/wp-content\/uploads\/2025\/07\/nr126.jpg\" class=\"attachment-large size-large wp-image-2307\" alt=\"Westerring nr126 - 2025\" srcset=\"https:\/\/www.eine.be\/WP\/wp-content\/uploads\/2025\/07\/nr126.jpg 576w, https:\/\/www.eine.be\/WP\/wp-content\/uploads\/2025\/07\/nr126-214x300.jpg 214w\" sizes=\"(max-width: 576px) 100vw, 576px\" \/>\t\t\t\t\t\t\t\t\t\t\t<figcaption class=\"widget-image-caption wp-caption-text\">Westerring nr126 - 2025<\/figcaption>\n\t\t\t\t\t\t\t\t\t\t<\/figure>\n\t\t\t\t\t\t\t\t\t<\/div>\n\t\t\t\t<\/div>\n\t\t\t\t\t<\/div>\n\t\t<\/div>\n\t\t\t\t<div class=\"elementor-column elementor-col-66 elementor-top-column elementor-element elementor-element-965d985\" data-id=\"965d985\" data-element_type=\"column\" data-e-type=\"column\">\n\t\t\t<div class=\"elementor-widget-wrap elementor-element-populated\">\n\t\t\t\t\t\t<div class=\"elementor-element elementor-element-7c30df4 elementor-widget elementor-widget-text-editor\" data-id=\"7c30df4\" data-element_type=\"widget\" data-e-type=\"widget\" data-widget_type=\"text-editor.default\">\n\t\t\t\t<div class=\"elementor-widget-container\">\n\t\t\t\t\t\t\t\t\t<p><strong>Driemaandelijks tijdschrift &#8211; jaargang 31 &#8211; Nr 126<\/strong><strong style=\"letter-spacing: 0px;\">\u00a0&#8211;\u00a0 2025<\/strong><\/p><p><strong>Op de omslag: <\/strong>Tekening Marc Sante : ons heem<strong><br \/><\/strong><br \/>3. Affiche BBQ Sint-Pietersfeesten<br \/>4. Help onze Heemkring een toekomst geven!<br \/>4. Henri Dhaenens was ook lid<br \/>van de Brigade Piron<br \/>5. Nieuws uit oes archief. Wistte gij da?<br \/>6. Het mysterie van het rouwprentje &#8211; de Serret<br \/>8. Vondelingen en verlaten kinderen in Eine, Heurne en Mullem <br \/>Deel 2: vondelingen die in Eine en Heurne werden opgevoed<br \/>13. Vredesroep 11\/11\/2024 te Mullem<br \/>14. Oorlogsherinneringen van Agnes Vander Beken<br \/>16. Soldaten maken boel in Heurne &#8211; een verhaal uit de 18de eeuw<br \/>17. Dit gebeurde 100 jaar geleden<br \/>20. De kracht van een telegram Of hoe Amerika betrokken geraakte bij WO I<br \/>22. \u2019t Es te zeggn<br \/>24. Naamplaatjes op het herdenkingsmonument te Mullem<br \/>26. Ledennieuws<\/p>\t\t\t\t\t\t\t\t<\/div>\n\t\t\t\t<\/div>\n\t\t\t\t\t<\/div>\n\t\t<\/div>\n\t\t\t\t\t<\/div>\n\t\t<\/section>\n\t\t\t\t<section class=\"elementor-section elementor-top-section elementor-element elementor-element-a4f306b elementor-section-boxed elementor-section-height-default elementor-section-height-default\" data-id=\"a4f306b\" data-element_type=\"section\" data-e-type=\"section\">\n\t\t\t\t\t\t<div class=\"elementor-container elementor-column-gap-default\">\n\t\t\t\t\t<div class=\"elementor-column elementor-col-33 elementor-top-column elementor-element elementor-element-b6b5f09\" data-id=\"b6b5f09\" data-element_type=\"column\" data-e-type=\"column\">\n\t\t\t<div class=\"elementor-widget-wrap elementor-element-populated\">\n\t\t\t\t\t\t<div class=\"elementor-element elementor-element-3bc4785 elementor-widget elementor-widget-image\" data-id=\"3bc4785\" data-element_type=\"widget\" data-e-type=\"widget\" data-widget_type=\"image.default\">\n\t\t\t\t<div class=\"elementor-widget-container\">\n\t\t\t\t\t\t\t\t\t\t\t\t<figure class=\"wp-caption\">\n\t\t\t\t\t\t\t\t\t\t<img decoding=\"async\" width=\"594\" height=\"837\" src=\"https:\/\/www.eine.be\/WP\/wp-content\/uploads\/2025\/07\/nr125.jpg\" class=\"attachment-large size-large wp-image-2314\" alt=\"Westerring nr125 - 2025\" srcset=\"https:\/\/www.eine.be\/WP\/wp-content\/uploads\/2025\/07\/nr125.jpg 594w, https:\/\/www.eine.be\/WP\/wp-content\/uploads\/2025\/07\/nr125-213x300.jpg 213w\" sizes=\"(max-width: 594px) 100vw, 594px\" \/>\t\t\t\t\t\t\t\t\t\t\t<figcaption class=\"widget-image-caption wp-caption-text\">Westerring nr125 - 2025<\/figcaption>\n\t\t\t\t\t\t\t\t\t\t<\/figure>\n\t\t\t\t\t\t\t\t\t<\/div>\n\t\t\t\t<\/div>\n\t\t\t\t\t<\/div>\n\t\t<\/div>\n\t\t\t\t<div class=\"elementor-column elementor-col-66 elementor-top-column elementor-element elementor-element-a4e67c5\" data-id=\"a4e67c5\" data-element_type=\"column\" data-e-type=\"column\">\n\t\t\t<div class=\"elementor-widget-wrap elementor-element-populated\">\n\t\t\t\t\t\t<div class=\"elementor-element elementor-element-2b171f6 elementor-widget elementor-widget-text-editor\" data-id=\"2b171f6\" data-element_type=\"widget\" data-e-type=\"widget\" data-widget_type=\"text-editor.default\">\n\t\t\t\t<div class=\"elementor-widget-container\">\n\t\t\t\t\t\t\t\t\t<p><strong>Driemaandelijks tijdschrift &#8211; jaargang 31 &#8211; Nr 125 &#8211;\u00a0 2025<\/strong><\/p><p><strong>Op de omslag:<\/strong>Albert Landrieu tijdens zijn legerdienst in 1937<\/p><p>3. Tentoonstelling school KBO Eine<br \/>4. Met paard en kar: Albert Jozef Vander Beken<br \/>7. De Knok-out van een populair caf\u00e9<br \/>8. Nieuws uit oes archief. Wistte gij da?<br \/>9. Albert Landrieu: de Einse soldaat \u00e9n Rode Duivel die Belgi\u00eb hielp bevrijden<br \/>17. 1975. Het gebeurde 50 jaar geleden in Eine, Heurne en Mullem<br \/>21. \u2019t Es te zeggn<br \/>23. Vondelingen en verlaten kinderen\u00a0in Eine en Heurne<br \/>Deel 1: het gezin Viaene \u2013 Marechal in Eine<br \/>26. Ledennieuws<\/p>\t\t\t\t\t\t\t\t<\/div>\n\t\t\t\t<\/div>\n\t\t\t\t\t<\/div>\n\t\t<\/div>\n\t\t\t\t\t<\/div>\n\t\t<\/section>\n\t\t\t\t<\/div>\n\t\t","protected":false},"excerpt":{"rendered":"<p>Westerring nr126 &#8211; 2025 Driemaandelijks tijdschrift &#8211; jaargang 31 &#8211; Nr 126\u00a0&#8211;\u00a0 2025 Op de omslag: Tekening Marc Sante : ons heem3. Affiche BBQ Sint-Pietersfeesten4. Help onze Heemkring een toekomst geven!4. Henri Dhaenens was ook lidvan de Brigade Piron5. Nieuws uit oes archief. Wistte gij da?6. Het mysterie van het rouwprentje &#8211; de Serret8. Vondelingen en verlaten kinderen in Eine, Heurne en Mullem Deel 2: vondelingen die in Eine en Heurne werden opgevoed13. Vredesroep 11\/11\/2024 te Mullem14. Oorlogsherinneringen van Agnes Vander Beken16. Soldaten maken boel in Heurne &#8211; een verhaal uit de 18de eeuw17. Dit gebeurde 100 jaar geleden20. De kracht van een telegram Of hoe Amerika betrokken geraakte bij WO I22. \u2019t Es te zeggn24. Naamplaatjes op het herdenkingsmonument te Mullem26. Ledennieuws Westerring nr125 &#8211; 2025 Driemaandelijks tijdschrift &#8211; jaargang 31 &#8211; Nr 125 &#8211;\u00a0 2025 Op de omslag:Albert Landrieu tijdens zijn legerdienst in 1937 3. Tentoonstelling school KBO Eine4. Met paard en kar: Albert Jozef Vander Beken7. De Knok-out van een populair caf\u00e98. Nieuws uit oes archief. Wistte gij da?9. Albert Landrieu: de Einse soldaat \u00e9n Rode Duivel die Belgi\u00eb hielp bevrijden17. 1975. Het gebeurde 50 jaar geleden in Eine, Heurne en Mullem21. \u2019t Es te zeggn23. Vondelingen en verlaten kinderen\u00a0in Eine en HeurneDeel 1: het gezin Viaene \u2013 Marechal in Eine26. Ledennieuws<\/p>\n","protected":false},"author":3,"featured_media":0,"parent":0,"menu_order":0,"comment_status":"closed","ping_status":"closed","template":"","meta":{"footnotes":""},"class_list":["post-2303","page","type-page","status-publish","hentry"],"_links":{"self":[{"href":"https:\/\/www.eine.be\/WP\/wp-json\/wp\/v2\/pages\/2303","targetHints":{"allow":["GET"]}}],"collection":[{"href":"https:\/\/www.eine.be\/WP\/wp-json\/wp\/v2\/pages"}],"about":[{"href":"https:\/\/www.eine.be\/WP\/wp-json\/wp\/v2\/types\/page"}],"author":[{"embeddable":true,"href":"https:\/\/www.eine.be\/WP\/wp-json\/wp\/v2\/users\/3"}],"replies":[{"embeddable":true,"href":"https:\/\/www.eine.be\/WP\/wp-json\/wp\/v2\/comments?post=2303"}],"version-history":[{"count":10,"href":"https:\/\/www.eine.be\/WP\/wp-json\/wp\/v2\/pages\/2303\/revisions"}],"predecessor-version":[{"id":2318,"href":"https:\/\/www.eine.be\/WP\/wp-json\/wp\/v2\/pages\/2303\/revisions\/2318"}],"wp:attachment":[{"href":"https:\/\/www.eine.be\/WP\/wp-json\/wp\/v2\/media?parent=2303"}],"curies":[{"name":"wp","href":"https:\/\/api.w.org\/{rel}","templated":true}]}}