{"id":840,"date":"2021-08-30T10:05:22","date_gmt":"2021-08-30T10:05:22","guid":{"rendered":"http:\/\/www.eine.be\/WP\/?page_id=840"},"modified":"2024-09-03T11:10:55","modified_gmt":"2024-09-03T09:10:55","slug":"de-166ste-fietel-2019-2","status":"publish","type":"page","link":"https:\/\/www.eine.be\/WP\/de-166ste-fietel-2019-2\/","title":{"rendered":"de 166ste fietel 2019"},"content":{"rendered":"\t\t<div data-elementor-type=\"wp-page\" data-elementor-id=\"840\" class=\"elementor elementor-840\" data-elementor-post-type=\"page\">\n\t\t\t\t\t\t<section class=\"elementor-section elementor-top-section elementor-element elementor-element-303ef99 elementor-section-boxed elementor-section-height-default elementor-section-height-default\" data-id=\"303ef99\" data-element_type=\"section\" data-e-type=\"section\">\n\t\t\t\t\t\t<div class=\"elementor-container elementor-column-gap-default\">\n\t\t\t\t\t<div class=\"elementor-column elementor-col-100 elementor-top-column elementor-element elementor-element-e8adca0\" data-id=\"e8adca0\" data-element_type=\"column\" data-e-type=\"column\">\n\t\t\t<div class=\"elementor-widget-wrap elementor-element-populated\">\n\t\t\t\t\t\t<div class=\"elementor-element elementor-element-630d633 elementor-widget elementor-widget-image\" data-id=\"630d633\" data-element_type=\"widget\" data-e-type=\"widget\" data-widget_type=\"image.default\">\n\t\t\t\t<div class=\"elementor-widget-container\">\n\t\t\t\t\t\t\t\t\t\t\t\t\t\t\t<img fetchpriority=\"high\" decoding=\"async\" width=\"768\" height=\"384\" src=\"https:\/\/www.eine.be\/WP\/wp-content\/uploads\/2021\/08\/Banner-Fietel-Eine-768x384.webp\" class=\"attachment-medium_large size-medium_large wp-image-849\" alt=\"Kermisweekend Fietel\" srcset=\"https:\/\/www.eine.be\/WP\/wp-content\/uploads\/2021\/08\/Banner-Fietel-Eine-768x384.webp 768w, https:\/\/www.eine.be\/WP\/wp-content\/uploads\/2021\/08\/Banner-Fietel-Eine-300x150.webp 300w, https:\/\/www.eine.be\/WP\/wp-content\/uploads\/2021\/08\/Banner-Fietel-Eine-1024x512.webp 1024w, https:\/\/www.eine.be\/WP\/wp-content\/uploads\/2021\/08\/Banner-Fietel-Eine.webp 1080w\" sizes=\"(max-width: 768px) 100vw, 768px\" \/>\t\t\t\t\t\t\t\t\t\t\t\t\t\t\t<\/div>\n\t\t\t\t<\/div>\n\t\t\t\t\t<\/div>\n\t\t<\/div>\n\t\t\t\t\t<\/div>\n\t\t<\/section>\n\t\t\t\t<section class=\"elementor-section elementor-top-section elementor-element elementor-element-96dc318 elementor-section-boxed elementor-section-height-default elementor-section-height-default\" data-id=\"96dc318\" data-element_type=\"section\" data-e-type=\"section\">\n\t\t\t\t\t\t<div class=\"elementor-container elementor-column-gap-default\">\n\t\t\t\t\t<div class=\"elementor-column elementor-col-50 elementor-top-column elementor-element elementor-element-7c3b140\" data-id=\"7c3b140\" data-element_type=\"column\" data-e-type=\"column\">\n\t\t\t<div class=\"elementor-widget-wrap elementor-element-populated\">\n\t\t\t\t\t\t<div class=\"elementor-element elementor-element-2b21123 elementor-widget elementor-widget-text-editor\" data-id=\"2b21123\" data-element_type=\"widget\" data-e-type=\"widget\" data-widget_type=\"text-editor.default\">\n\t\t\t\t<div class=\"elementor-widget-container\">\n\t\t\t\t\t\t\t\t\t<p><strong>Deel 1: Vaste Fietelgroepen 2019<\/strong><\/p><p>1. Prosper met kruiwagen en deur Verbeeldend ontstaan van de Fietel<br \/>2. Koninklijke Ruitersmaatschappij St.-Eligius Eine<br \/>Ruiters te paard<br \/>Gevolgd door de Fecalienrapers<br \/>3. De Einse Reuzen<br \/>Proostie, Mele, Fietje en Nestie<br \/>4. De Einse Kopkes<br \/>5. Einse Majoretten<br \/>6. Koninklijke Harmonie St.-Cecilia Eine Het muziek van fietelstichter Prosper<br \/>De Maeght, opgericht in 1820<br \/>7. De Beren<br \/>Berendrijver met zijn beren<br \/>8. De Paardjes Met paardentemmer<\/p><p><strong>Deel 2: Deelnemende VVP-Fietelgroepen<\/strong><\/p><p>1. Taille Unique:<br \/>ienientwieje<br \/>2. De Lemmies : NEENONDERDZEVENENNEENTEGDUUST\u00adNEENONDERDIENTANTIG<br \/>3. De Pilsjaars :<br \/>In Karanteine<br \/>4. De Tempeliers :<br \/>Tis niet te (t)(z)iene vandejoare<br \/>5. Oda Boys:<br \/>Moesten Mossels vleugels en,<br \/>ze zoen nie verre vliegen<br \/>6. De Puntjes :<br \/>&#8216;t moe moar zu goe nie zeene!!<\/p>\t\t\t\t\t\t\t\t<\/div>\n\t\t\t\t<\/div>\n\t\t\t\t\t<\/div>\n\t\t<\/div>\n\t\t\t\t<div class=\"elementor-column elementor-col-50 elementor-top-column elementor-element elementor-element-8b8e4ec\" data-id=\"8b8e4ec\" data-element_type=\"column\" data-e-type=\"column\">\n\t\t\t<div class=\"elementor-widget-wrap elementor-element-populated\">\n\t\t\t\t\t\t<div class=\"elementor-element elementor-element-ba20989 elementor-widget elementor-widget-text-editor\" data-id=\"ba20989\" data-element_type=\"widget\" data-e-type=\"widget\" data-widget_type=\"text-editor.default\">\n\t\t\t\t<div class=\"elementor-widget-container\">\n\t\t\t\t\t\t\t\t\t<p><strong>Opvoeringspunten de 166ste Fietel 2019<\/strong><br \/>De Opvoeringspunten zijn:<\/p><p>14:00 : optreden aan Royal&#8217;s Pub<br \/>14:20 : optreden aan Cafe Bizon<br \/>14:40 : optreden aan WZC Scheldekant<br \/>15:00 : optreden aan Prosperpleintje<br \/>15:30 : Optreden aan hoek Fietelstraat &#8211; Omloop<\/p><p>16:00 : Rustpauze<\/p><p>18:00 : optreden aan Bakkerij Tarwe met Bar Feestcomite<br \/>18:30 : optreden aan Eretribune en Caf\u00e9 De Biertonne<br \/>19:00 : optreden aan Caf\u00e9 De Winter<br \/>19:15 : Ontbinding Fietel<\/p><p>00:00 : Prijsuitreiking in Caf\u00e9 de Biertonne.<\/p>\t\t\t\t\t\t\t\t<\/div>\n\t\t\t\t<\/div>\n\t\t\t\t\t<\/div>\n\t\t<\/div>\n\t\t\t\t\t<\/div>\n\t\t<\/section>\n\t\t\t\t<section class=\"elementor-section elementor-top-section elementor-element elementor-element-f1656ba elementor-section-boxed elementor-section-height-default elementor-section-height-default\" data-id=\"f1656ba\" data-element_type=\"section\" data-e-type=\"section\">\n\t\t\t\t\t\t<div class=\"elementor-container elementor-column-gap-default\">\n\t\t\t\t\t<div class=\"elementor-column elementor-col-33 elementor-top-column elementor-element elementor-element-8b3350e\" data-id=\"8b3350e\" data-element_type=\"column\" data-e-type=\"column\">\n\t\t\t<div class=\"elementor-widget-wrap elementor-element-populated\">\n\t\t\t\t\t\t<div class=\"elementor-element elementor-element-a32ea6c elementor-widget elementor-widget-text-editor\" data-id=\"a32ea6c\" data-element_type=\"widget\" data-e-type=\"widget\" data-widget_type=\"text-editor.default\">\n\t\t\t\t<div class=\"elementor-widget-container\">\n\t\t\t\t\t\t\t\t\t<p>Jury Feestcomit\u00e9 :<br \/>&#8211; 1ste prijs wagens: Oda Boys<br \/>&#8211; 1ste prijs groepen: De puntjes<strong><br \/><\/strong><\/p><p>Jury Stad:<br \/>&#8211; 1ste prijs wagen: Taille Unique<br \/>&#8211; 1ste prijs groepen: De Pilsjaars<\/p><p><strong>Met dan aan:<\/strong> De langhe Magda, VanHessche Robert, Lodens Marie-Madeleine en Schokkaert Johan voor het tellen van de punten.<\/p>\t\t\t\t\t\t\t\t<\/div>\n\t\t\t\t<\/div>\n\t\t\t\t\t<\/div>\n\t\t<\/div>\n\t\t\t\t<div class=\"elementor-column elementor-col-66 elementor-top-column elementor-element elementor-element-fb26850\" data-id=\"fb26850\" data-element_type=\"column\" data-e-type=\"column\">\n\t\t\t<div class=\"elementor-widget-wrap elementor-element-populated\">\n\t\t\t\t\t\t<div class=\"elementor-element elementor-element-df95a20 elementor-widget elementor-widget-text-editor\" data-id=\"df95a20\" data-element_type=\"widget\" data-e-type=\"widget\" data-widget_type=\"text-editor.default\">\n\t\t\t\t<div class=\"elementor-widget-container\">\n\t\t\t\t\t\t\t\t\t<p>Zoals reeds meerdere jaren zal u hier kunnnen nagenieten van de Fietel.<br \/>Veel Kijkplezier<br \/>Dit is de playlist op\u00a0<a href=\"https:\/\/www.youtube.com\/channel\/UCF1TzzyT3-os-iBoQdT2CiQ\" target=\"_blank\" rel=\"noopener\">Youtube<\/a>\u00a0met de tredens van de 161ste fietel tot heden.<br \/>In 2020 is de Fietel wegens Corona niet doorgegaan.<br \/><br \/>U kan ze ook weervinden op onze\u00a0<a href=\"https:\/\/www.facebook.com\/Westerring\/videos\/2669759656402593\/\">Facebook HK Westerring<\/a><\/p>\t\t\t\t\t\t\t\t<\/div>\n\t\t\t\t<\/div>\n\t\t\t\t\t<\/div>\n\t\t<\/div>\n\t\t\t\t\t<\/div>\n\t\t<\/section>\n\t\t\t\t<section class=\"elementor-section elementor-top-section elementor-element elementor-element-a8ed223 elementor-section-boxed elementor-section-height-default elementor-section-height-default\" data-id=\"a8ed223\" data-element_type=\"section\" data-e-type=\"section\">\n\t\t\t\t\t\t<div class=\"elementor-container elementor-column-gap-default\">\n\t\t\t\t\t<div class=\"elementor-column elementor-col-100 elementor-top-column elementor-element elementor-element-e8d67a7\" data-id=\"e8d67a7\" data-element_type=\"column\" data-e-type=\"column\">\n\t\t\t<div class=\"elementor-widget-wrap elementor-element-populated\">\n\t\t\t\t\t\t<div class=\"elementor-element elementor-element-06aa2e8 elementor-widget elementor-widget-text-editor\" data-id=\"06aa2e8\" data-element_type=\"widget\" data-e-type=\"widget\" data-widget_type=\"text-editor.default\">\n\t\t\t\t<div class=\"elementor-widget-container\">\n\t\t\t\t\t\t\t\t\t<p><strong>Prijzen \u201cWij steunen de fietel\u201d<\/strong><\/p><p>De Hoofdprijs gaat naar : 1. Yannick Malfait<\/p><p>De waardebonnen :\u00a0<\/p><p>2. Yana Boelaert<br \/>3. Geert Vermeersch<span class=\"text_exposed_show\"><br \/>4. Jeannine Vanden Bossche<br \/>5. Conny De Waele<br \/>6. Gui Van Hecke<br \/>7. Marc Van Houtte<br \/>8. Rudy Weyts<br \/>9. Lucie Delvaeye<br \/>10. Michel Vermeulen<br \/>11. Vandemenschbrugge<br \/><\/span><span style=\"color: var( --e-global-color-text ); font-family: var( --e-global-typography-text-font-family ), Sans-serif; font-weight: var( --e-global-typography-text-font-weight ); letter-spacing: 0px;\">\u00a0NOGMAALS BEDANKT VOOR DE STEUN!<\/span><\/p>\t\t\t\t\t\t\t\t<\/div>\n\t\t\t\t<\/div>\n\t\t\t\t\t<\/div>\n\t\t<\/div>\n\t\t\t\t\t<\/div>\n\t\t<\/section>\n\t\t\t\t<section class=\"elementor-section elementor-top-section elementor-element elementor-element-4f8e7b9 elementor-section-boxed elementor-section-height-default elementor-section-height-default\" data-id=\"4f8e7b9\" data-element_type=\"section\" data-e-type=\"section\">\n\t\t\t\t\t\t<div class=\"elementor-container elementor-column-gap-default\">\n\t\t\t\t\t<div class=\"elementor-column elementor-col-33 elementor-top-column elementor-element elementor-element-1e7d337\" data-id=\"1e7d337\" data-element_type=\"column\" data-e-type=\"column\">\n\t\t\t<div class=\"elementor-widget-wrap\">\n\t\t\t\t\t\t\t<\/div>\n\t\t<\/div>\n\t\t\t\t<div class=\"elementor-column elementor-col-33 elementor-top-column elementor-element elementor-element-b1434fc\" data-id=\"b1434fc\" data-element_type=\"column\" data-e-type=\"column\">\n\t\t\t<div class=\"elementor-widget-wrap elementor-element-populated\">\n\t\t\t\t\t\t<div class=\"elementor-element elementor-element-41c7675 elementor-widget elementor-widget-video\" data-id=\"41c7675\" data-element_type=\"widget\" data-e-type=\"widget\" data-settings=\"{&quot;youtube_url&quot;:&quot;https:\\\/\\\/www.youtube.com\\\/watch?v=2tZcLXnLbFk&amp;t=3s&quot;,&quot;video_type&quot;:&quot;youtube&quot;,&quot;controls&quot;:&quot;yes&quot;}\" data-widget_type=\"video.default\">\n\t\t\t\t<div class=\"elementor-widget-container\">\n\t\t\t\t\t\t\t<div class=\"elementor-wrapper elementor-open-inline\">\n\t\t\t<div class=\"elementor-video\"><\/div>\t\t<\/div>\n\t\t\t\t\t\t<\/div>\n\t\t\t\t<\/div>\n\t\t\t\t\t<\/div>\n\t\t<\/div>\n\t\t\t\t<div class=\"elementor-column elementor-col-33 elementor-top-column elementor-element elementor-element-97a9c27\" data-id=\"97a9c27\" data-element_type=\"column\" data-e-type=\"column\">\n\t\t\t<div class=\"elementor-widget-wrap\">\n\t\t\t\t\t\t\t<\/div>\n\t\t<\/div>\n\t\t\t\t\t<\/div>\n\t\t<\/section>\n\t\t\t\t<section class=\"elementor-section elementor-top-section elementor-element elementor-element-3d94983 elementor-section-boxed elementor-section-height-default elementor-section-height-default\" data-id=\"3d94983\" data-element_type=\"section\" data-e-type=\"section\">\n\t\t\t\t\t\t<div class=\"elementor-container elementor-column-gap-default\">\n\t\t\t\t\t<div class=\"elementor-column elementor-col-33 elementor-top-column elementor-element elementor-element-9425e67\" data-id=\"9425e67\" data-element_type=\"column\" data-e-type=\"column\">\n\t\t\t<div class=\"elementor-widget-wrap elementor-element-populated\">\n\t\t\t\t\t\t<div class=\"elementor-element elementor-element-29691e5 elementor-widget elementor-widget-video\" data-id=\"29691e5\" data-element_type=\"widget\" data-e-type=\"widget\" data-settings=\"{&quot;youtube_url&quot;:&quot;https:\\\/\\\/www.youtube.com\\\/watch?v=JWqCHFnj6zk&amp;t=32s&quot;,&quot;video_type&quot;:&quot;youtube&quot;,&quot;controls&quot;:&quot;yes&quot;}\" data-widget_type=\"video.default\">\n\t\t\t\t<div class=\"elementor-widget-container\">\n\t\t\t\t\t\t\t<div class=\"elementor-wrapper elementor-open-inline\">\n\t\t\t<div class=\"elementor-video\"><\/div>\t\t<\/div>\n\t\t\t\t\t\t<\/div>\n\t\t\t\t<\/div>\n\t\t\t\t\t<\/div>\n\t\t<\/div>\n\t\t\t\t<div class=\"elementor-column elementor-col-33 elementor-top-column elementor-element elementor-element-81ee545\" data-id=\"81ee545\" data-element_type=\"column\" data-e-type=\"column\">\n\t\t\t<div class=\"elementor-widget-wrap elementor-element-populated\">\n\t\t\t\t\t\t<div class=\"elementor-element elementor-element-0debdcc elementor-widget elementor-widget-video\" data-id=\"0debdcc\" data-element_type=\"widget\" data-e-type=\"widget\" data-settings=\"{&quot;youtube_url&quot;:&quot;https:\\\/\\\/www.youtube.com\\\/watch?v=RTepIMAyz5Q&amp;t=20s&quot;,&quot;video_type&quot;:&quot;youtube&quot;,&quot;controls&quot;:&quot;yes&quot;}\" data-widget_type=\"video.default\">\n\t\t\t\t<div class=\"elementor-widget-container\">\n\t\t\t\t\t\t\t<div class=\"elementor-wrapper elementor-open-inline\">\n\t\t\t<div class=\"elementor-video\"><\/div>\t\t<\/div>\n\t\t\t\t\t\t<\/div>\n\t\t\t\t<\/div>\n\t\t\t\t\t<\/div>\n\t\t<\/div>\n\t\t\t\t<div class=\"elementor-column elementor-col-33 elementor-top-column elementor-element elementor-element-e7ba1fe\" data-id=\"e7ba1fe\" data-element_type=\"column\" data-e-type=\"column\">\n\t\t\t<div class=\"elementor-widget-wrap elementor-element-populated\">\n\t\t\t\t\t\t<div class=\"elementor-element elementor-element-a8bb811 elementor-widget elementor-widget-video\" data-id=\"a8bb811\" data-element_type=\"widget\" data-e-type=\"widget\" data-settings=\"{&quot;youtube_url&quot;:&quot;https:\\\/\\\/www.youtube.com\\\/watch?v=3wmLgn3El3U&amp;t=2s&quot;,&quot;video_type&quot;:&quot;youtube&quot;,&quot;controls&quot;:&quot;yes&quot;}\" data-widget_type=\"video.default\">\n\t\t\t\t<div class=\"elementor-widget-container\">\n\t\t\t\t\t\t\t<div class=\"elementor-wrapper elementor-open-inline\">\n\t\t\t<div class=\"elementor-video\"><\/div>\t\t<\/div>\n\t\t\t\t\t\t<\/div>\n\t\t\t\t<\/div>\n\t\t\t\t\t<\/div>\n\t\t<\/div>\n\t\t\t\t\t<\/div>\n\t\t<\/section>\n\t\t\t\t<section class=\"elementor-section elementor-top-section elementor-element elementor-element-2e872b1 elementor-section-boxed elementor-section-height-default elementor-section-height-default\" data-id=\"2e872b1\" data-element_type=\"section\" data-e-type=\"section\">\n\t\t\t\t\t\t<div class=\"elementor-container elementor-column-gap-default\">\n\t\t\t\t\t<div class=\"elementor-column elementor-col-33 elementor-top-column elementor-element elementor-element-3b983f7\" data-id=\"3b983f7\" data-element_type=\"column\" data-e-type=\"column\">\n\t\t\t<div class=\"elementor-widget-wrap elementor-element-populated\">\n\t\t\t\t\t\t<div class=\"elementor-element elementor-element-a96b432 elementor-widget elementor-widget-video\" data-id=\"a96b432\" data-element_type=\"widget\" data-e-type=\"widget\" data-settings=\"{&quot;youtube_url&quot;:&quot;https:\\\/\\\/www.youtube.com\\\/watch?v=ayrBQsiKui8&amp;t=1s&quot;,&quot;video_type&quot;:&quot;youtube&quot;,&quot;controls&quot;:&quot;yes&quot;}\" data-widget_type=\"video.default\">\n\t\t\t\t<div class=\"elementor-widget-container\">\n\t\t\t\t\t\t\t<div class=\"elementor-wrapper elementor-open-inline\">\n\t\t\t<div class=\"elementor-video\"><\/div>\t\t<\/div>\n\t\t\t\t\t\t<\/div>\n\t\t\t\t<\/div>\n\t\t\t\t\t<\/div>\n\t\t<\/div>\n\t\t\t\t<div class=\"elementor-column elementor-col-33 elementor-top-column elementor-element elementor-element-36a0104\" data-id=\"36a0104\" data-element_type=\"column\" data-e-type=\"column\">\n\t\t\t<div class=\"elementor-widget-wrap elementor-element-populated\">\n\t\t\t\t\t\t<div class=\"elementor-element elementor-element-261bcf0 elementor-widget elementor-widget-video\" data-id=\"261bcf0\" data-element_type=\"widget\" data-e-type=\"widget\" data-settings=\"{&quot;youtube_url&quot;:&quot;https:\\\/\\\/www.youtube.com\\\/watch?v=Rnp-YJ1ooq4&amp;t=1s&quot;,&quot;video_type&quot;:&quot;youtube&quot;,&quot;controls&quot;:&quot;yes&quot;}\" data-widget_type=\"video.default\">\n\t\t\t\t<div class=\"elementor-widget-container\">\n\t\t\t\t\t\t\t<div class=\"elementor-wrapper elementor-open-inline\">\n\t\t\t<div class=\"elementor-video\"><\/div>\t\t<\/div>\n\t\t\t\t\t\t<\/div>\n\t\t\t\t<\/div>\n\t\t\t\t\t<\/div>\n\t\t<\/div>\n\t\t\t\t<div class=\"elementor-column elementor-col-33 elementor-top-column elementor-element elementor-element-0b3e580\" data-id=\"0b3e580\" data-element_type=\"column\" data-e-type=\"column\">\n\t\t\t<div class=\"elementor-widget-wrap elementor-element-populated\">\n\t\t\t\t\t\t<div class=\"elementor-element elementor-element-e44c46d elementor-widget elementor-widget-video\" data-id=\"e44c46d\" data-element_type=\"widget\" data-e-type=\"widget\" data-settings=\"{&quot;youtube_url&quot;:&quot;https:\\\/\\\/www.youtube.com\\\/watch?v=M1NLM27umi8&quot;,&quot;video_type&quot;:&quot;youtube&quot;,&quot;controls&quot;:&quot;yes&quot;}\" data-widget_type=\"video.default\">\n\t\t\t\t<div class=\"elementor-widget-container\">\n\t\t\t\t\t\t\t<div class=\"elementor-wrapper elementor-open-inline\">\n\t\t\t<div class=\"elementor-video\"><\/div>\t\t<\/div>\n\t\t\t\t\t\t<\/div>\n\t\t\t\t<\/div>\n\t\t\t\t\t<\/div>\n\t\t<\/div>\n\t\t\t\t\t<\/div>\n\t\t<\/section>\n\t\t\t\t<\/div>\n\t\t","protected":false},"excerpt":{"rendered":"<p>Deel 1: Vaste Fietelgroepen 2019 1. Prosper met kruiwagen en deur Verbeeldend ontstaan van de Fietel2. Koninklijke Ruitersmaatschappij St.-Eligius EineRuiters te paardGevolgd door de Fecalienrapers3. De Einse ReuzenProostie, Mele, Fietje en Nestie4. De Einse Kopkes5. Einse Majoretten6. Koninklijke Harmonie St.-Cecilia Eine Het muziek van fietelstichter ProsperDe Maeght, opgericht in 18207. De BerenBerendrijver met zijn beren8. De Paardjes Met paardentemmer Deel 2: Deelnemende VVP-Fietelgroepen 1. Taille Unique:ienientwieje2. De Lemmies : NEENONDERDZEVENENNEENTEGDUUST\u00adNEENONDERDIENTANTIG3. De Pilsjaars :In Karanteine4. De Tempeliers :Tis niet te (t)(z)iene vandejoare5. Oda Boys:Moesten Mossels vleugels en,ze zoen nie verre vliegen6. De Puntjes :&#8216;t moe moar zu goe nie zeene!! Opvoeringspunten de 166ste Fietel 2019De Opvoeringspunten zijn: 14:00 : optreden aan Royal&#8217;s Pub14:20 : optreden aan Cafe Bizon14:40 : optreden aan WZC Scheldekant15:00 : optreden aan Prosperpleintje15:30 : Optreden aan hoek Fietelstraat &#8211; Omloop 16:00 : Rustpauze 18:00 : optreden aan Bakkerij Tarwe met Bar Feestcomite18:30 : optreden aan Eretribune en Caf\u00e9 De Biertonne19:00 : optreden aan Caf\u00e9 De Winter19:15 : Ontbinding Fietel 00:00 : Prijsuitreiking in Caf\u00e9 de Biertonne. Jury Feestcomit\u00e9 :&#8211; 1ste prijs wagens: Oda Boys&#8211; 1ste prijs groepen: De puntjes Jury Stad:&#8211; 1ste prijs wagen: Taille Unique&#8211; 1ste prijs groepen: De Pilsjaars Met dan aan: De langhe Magda, VanHessche Robert, Lodens Marie-Madeleine en Schokkaert Johan voor het tellen van de punten. Zoals reeds meerdere jaren zal u hier kunnnen nagenieten van de Fietel.Veel KijkplezierDit is de playlist op\u00a0Youtube\u00a0met de tredens van de 161ste fietel tot heden.In 2020 is de Fietel wegens Corona niet doorgegaan. U kan ze ook weervinden op onze\u00a0Facebook HK Westerring Prijzen \u201cWij steunen de fietel\u201d De Hoofdprijs gaat naar : 1. Yannick Malfait De waardebonnen :\u00a0 2. Yana Boelaert3. Geert Vermeersch4. Jeannine Vanden Bossche5. Conny De Waele6. Gui Van Hecke7. Marc Van Houtte8. Rudy Weyts9. Lucie Delvaeye10. Michel Vermeulen11. Vandemenschbrugge\u00a0NOGMAALS BEDANKT VOOR DE STEUN! https:\/\/www.youtube.com\/watch?v=2tZcLXnLbFk&#038;t=3shttps:\/\/www.youtube.com\/watch?v=JWqCHFnj6zk&#038;t=32shttps:\/\/www.youtube.com\/watch?v=RTepIMAyz5Q&#038;t=20shttps:\/\/www.youtube.com\/watch?v=3wmLgn3El3U&#038;t=2shttps:\/\/www.youtube.com\/watch?v=ayrBQsiKui8&#038;t=1shttps:\/\/www.youtube.com\/watch?v=Rnp-YJ1ooq4&#038;t=1shttps:\/\/www.youtube.com\/watch?v=M1NLM27umi8<\/p>\n","protected":false},"author":3,"featured_media":0,"parent":0,"menu_order":0,"comment_status":"closed","ping_status":"closed","template":"","meta":{"footnotes":""},"class_list":["post-840","page","type-page","status-publish","hentry"],"_links":{"self":[{"href":"https:\/\/www.eine.be\/WP\/wp-json\/wp\/v2\/pages\/840","targetHints":{"allow":["GET"]}}],"collection":[{"href":"https:\/\/www.eine.be\/WP\/wp-json\/wp\/v2\/pages"}],"about":[{"href":"https:\/\/www.eine.be\/WP\/wp-json\/wp\/v2\/types\/page"}],"author":[{"embeddable":true,"href":"https:\/\/www.eine.be\/WP\/wp-json\/wp\/v2\/users\/3"}],"replies":[{"embeddable":true,"href":"https:\/\/www.eine.be\/WP\/wp-json\/wp\/v2\/comments?post=840"}],"version-history":[{"count":28,"href":"https:\/\/www.eine.be\/WP\/wp-json\/wp\/v2\/pages\/840\/revisions"}],"predecessor-version":[{"id":1964,"href":"https:\/\/www.eine.be\/WP\/wp-json\/wp\/v2\/pages\/840\/revisions\/1964"}],"wp:attachment":[{"href":"https:\/\/www.eine.be\/WP\/wp-json\/wp\/v2\/media?parent=840"}],"curies":[{"name":"wp","href":"https:\/\/api.w.org\/{rel}","templated":true}]}}